{"id":657,"date":"2021-04-22T10:29:03","date_gmt":"2021-04-22T10:29:03","guid":{"rendered":"http:\/\/villatanamargianis.com\/?page_id=657"},"modified":"2021-06-19T11:09:09","modified_gmt":"2021-06-19T09:09:09","slug":"over-ons","status":"publish","type":"page","link":"https:\/\/villatanamargianis.com\/de\/over-ons\/","title":{"rendered":"\u00dcber uns"},"content":{"rendered":"<div data-elementor-type=\"wp-page\" data-elementor-id=\"657\" class=\"elementor elementor-657\" data-elementor-post-type=\"page\">\n\t\t\t\t\t\t<section class=\"elementor-section elementor-top-section elementor-element elementor-element-d97aa89 elementor-section-stretched elementor-section-boxed elementor-section-height-default elementor-section-height-default\" data-id=\"d97aa89\" data-element_type=\"section\" data-e-type=\"section\" data-settings=\"{&quot;stretch_section&quot;:&quot;section-stretched&quot;}\">\n\t\t\t\t\t\t<div class=\"elementor-container elementor-column-gap-default\">\n\t\t\t\t\t<div class=\"elementor-column elementor-col-100 elementor-top-column elementor-element elementor-element-e374c09\" data-id=\"e374c09\" data-element_type=\"column\" data-e-type=\"column\">\n\t\t\t<div class=\"elementor-widget-wrap elementor-element-populated\">\n\t\t\t\t\t\t<div class=\"elementor-element elementor-element-2c90922 elementor-widget elementor-widget-heading\" data-id=\"2c90922\" data-element_type=\"widget\" data-e-type=\"widget\" data-widget_type=\"heading.default\">\n\t\t\t\t<div class=\"elementor-widget-container\">\n\t\t\t\t\t<h2 class=\"elementor-heading-title elementor-size-default\">\u00dcber uns<\/h2>\t\t\t\t<\/div>\n\t\t\t\t<\/div>\n\t\t\t\t\t<\/div>\n\t\t<\/div>\n\t\t\t\t\t<\/div>\n\t\t<\/section>\n\t\t\t\t<section class=\"elementor-section elementor-top-section elementor-element elementor-element-afcccf7 elementor-section-stretched elementor-section-boxed elementor-section-height-default elementor-section-height-default\" data-id=\"afcccf7\" data-element_type=\"section\" data-e-type=\"section\" data-settings=\"{&quot;stretch_section&quot;:&quot;section-stretched&quot;}\">\n\t\t\t\t\t\t<div class=\"elementor-container elementor-column-gap-default\">\n\t\t\t\t\t<div class=\"elementor-column elementor-col-50 elementor-top-column elementor-element elementor-element-d765134\" data-id=\"d765134\" data-element_type=\"column\" data-e-type=\"column\">\n\t\t\t<div class=\"elementor-widget-wrap elementor-element-populated\">\n\t\t\t\t\t\t<div class=\"elementor-element elementor-element-818ec66 elementor-widget elementor-widget-image\" data-id=\"818ec66\" data-element_type=\"widget\" data-e-type=\"widget\" data-widget_type=\"image.default\">\n\t\t\t\t<div class=\"elementor-widget-container\">\n\t\t\t\t\t\t\t\t\t\t\t\t\t\t\t<img fetchpriority=\"high\" decoding=\"async\" width=\"740\" height=\"653\" src=\"https:\/\/villatanamargianis.com\/wp-content\/uploads\/2021\/04\/photo_2021-04-21_21-35-35-e1619033813148.jpg\" class=\"attachment-large size-large wp-image-505\" alt=\"\" srcset=\"https:\/\/villatanamargianis.com\/wp-content\/uploads\/2021\/04\/photo_2021-04-21_21-35-35-e1619033813148.jpg 768w, https:\/\/villatanamargianis.com\/wp-content\/uploads\/2021\/04\/photo_2021-04-21_21-35-35-e1619033813148-300x265.jpg 300w\" sizes=\"100vw\" \/>\t\t\t\t\t\t\t\t\t\t\t\t\t\t\t<\/div>\n\t\t\t\t<\/div>\n\t\t\t\t\t<\/div>\n\t\t<\/div>\n\t\t\t\t<div class=\"elementor-column elementor-col-50 elementor-top-column elementor-element elementor-element-648bb23\" data-id=\"648bb23\" data-element_type=\"column\" data-e-type=\"column\">\n\t\t\t<div class=\"elementor-widget-wrap elementor-element-populated\">\n\t\t\t\t\t\t<div class=\"elementor-element elementor-element-7f414d3 elementor-widget elementor-widget-text-editor\" data-id=\"7f414d3\" data-element_type=\"widget\" data-e-type=\"widget\" data-widget_type=\"text-editor.default\">\n\t\t\t\t<div class=\"elementor-widget-container\">\n\t\t\t\t\t\t\t\t\t<p>Wir sind Carlo und Marja Pinna. Zusammen haben wir 5 Kinder, davon 4 in den Niederlanden und 1 in Amerika.\u00a0<\/p><p>Carlo verbringt seit seiner Kindheit Ferien auf dieser wundersch\u00f6nen Insel. Sein Vater stammte von hier, also war Sardinien immer seine zweite Heimat. 2016 haben wir die Villa Tana Margianis gekauft und zu einer sch\u00f6nen Ferienvilla renoviert. Seit Anfang 2019 wohnen wir zusammen im Haus etwas weiter weg. Dies erm\u00f6glicht es uns, Sie pers\u00f6nlich zu empfangen, keine Ankunftszeit ist ein Problem und wir sind immer bereit, alle Ihre Fragen zu beantworten. Wir k\u00f6nnen auch alle Probleme sofort f\u00fcr Sie l\u00f6sen.<\/p><p>Wenn Sie Fragen zum Aufenthalt in unserer Villa haben, wenden Sie sich bitte an uns. Sie k\u00f6nnen eine E-Mail an <a href=\"mailto:info@villatanamargianis.com\">info@villatanamargianis.com<\/a><\/p>\t\t\t\t\t\t\t\t<\/div>\n\t\t\t\t<\/div>\n\t\t\t\t\t<\/div>\n\t\t<\/div>\n\t\t\t\t\t<\/div>\n\t\t<\/section>\n\t\t\t\t<section class=\"elementor-section elementor-top-section elementor-element elementor-element-d0878f9 elementor-hidden-phone elementor-section-boxed elementor-section-height-default elementor-section-height-default\" data-id=\"d0878f9\" data-element_type=\"section\" data-e-type=\"section\">\n\t\t\t\t\t\t<div class=\"elementor-container elementor-column-gap-default\">\n\t\t\t\t\t<div class=\"elementor-column elementor-col-100 elementor-top-column elementor-element elementor-element-8f41f23\" data-id=\"8f41f23\" data-element_type=\"column\" data-e-type=\"column\">\n\t\t\t<div class=\"elementor-widget-wrap elementor-element-populated\">\n\t\t\t\t\t\t<div class=\"elementor-element elementor-element-334fa6d elementor-widget-divider--view-line_text elementor-widget-divider--element-align-center elementor-widget elementor-widget-divider\" data-id=\"334fa6d\" data-element_type=\"widget\" data-e-type=\"widget\" data-widget_type=\"divider.default\">\n\t\t\t\t<div class=\"elementor-widget-container\">\n\t\t\t\t\t\t\t<div class=\"elementor-divider\">\n\t\t\t<span class=\"elementor-divider-separator\">\n\t\t\t\t\t\t\t<span class=\"elementor-divider__text elementor-divider__element\">\n\t\t\t\tWas G\u00e4ste von uns denken\t\t\t\t<\/span>\n\t\t\t\t\t\t<\/span>\n\t\t<\/div>\n\t\t\t\t\t\t<\/div>\n\t\t\t\t<\/div>\n\t\t\t\t\t<\/div>\n\t\t<\/div>\n\t\t\t\t\t<\/div>\n\t\t<\/section>\n\t\t\t\t<section class=\"elementor-section elementor-top-section elementor-element elementor-element-3714670 elementor-section-boxed elementor-section-height-default elementor-section-height-default\" data-id=\"3714670\" data-element_type=\"section\" data-e-type=\"section\">\n\t\t\t\t\t\t<div class=\"elementor-container elementor-column-gap-default\">\n\t\t\t\t\t<div class=\"elementor-column elementor-col-100 elementor-top-column elementor-element elementor-element-4666645\" data-id=\"4666645\" data-element_type=\"column\" data-e-type=\"column\">\n\t\t\t<div class=\"elementor-widget-wrap elementor-element-populated\">\n\t\t\t\t\t\t<div class=\"elementor-element elementor-element-92c9167 elementor-hidden-phone elementor-widget elementor-widget-shortcode\" data-id=\"92c9167\" data-element_type=\"widget\" data-e-type=\"widget\" data-widget_type=\"shortcode.default\">\n\t\t\t\t<div class=\"elementor-widget-container\">\n\t\t\t\t\t\t\t<div class=\"elementor-shortcode\"><div class=\"strong-view strong-view-id-2 modern wpmtst-modern slider-container slider-mode-horizontal slider-stretch controls-style-buttons3 nav-position-outside\" data-count=\"3\" data-slider-var=\"strong_slider_id_2\" data-state=\"idle\"><div class=\"strong-content wpmslider-content\"><div class=\"wpmtst-testimonial testimonial t-slide post-662\"><div class=\"wpmtst-testimonial-inner testimonial-inner\"><div data-infinite-loop=\"true\"  class=\"wpmtst-testimonial-content  testimonial-content\"><p>&#8220;Eigenaar is heel behulpzaam en attent.&#8221;<\/p><\/div><div class=\"wpmtst-testimonial-field testimonial-field testimonial-name\">Richard V.<\/div><div class=\"clear\"><\/div><\/div><\/div><div class=\"wpmtst-testimonial testimonial t-slide post-664\"><div class=\"wpmtst-testimonial-inner testimonial-inner\"><div data-infinite-loop=\"true\"  class=\"wpmtst-testimonial-content  testimonial-content\"><p>&#8220;Maison au top merci \u00e0 Marja et Carlo pour les bon renseignements et les excellentes lasagnes maison!&#8221;<\/p><\/div><div class=\"wpmtst-testimonial-field testimonial-field testimonial-name\">Pierre B.<\/div><div class=\"clear\"><\/div><\/div><\/div><div class=\"wpmtst-testimonial testimonial t-slide post-665\"><div class=\"wpmtst-testimonial-inner testimonial-inner\"><div data-infinite-loop=\"true\"  class=\"wpmtst-testimonial-content  testimonial-content\"><p>&#8220;Accueil tr\u00e8s chaleureux de Maria et Carlo.&#8221;<\/p><\/div><div class=\"wpmtst-testimonial-field testimonial-field testimonial-name\">Isabelle F.<\/div><div class=\"clear\"><\/div><\/div><\/div><\/div><\/div><\/div>\n\t\t\t\t\t\t<\/div>\n\t\t\t\t<\/div>\n\t\t\t\t\t<\/div>\n\t\t<\/div>\n\t\t\t\t\t<\/div>\n\t\t<\/section>\n\t\t\t\t<\/div>","protected":false},"excerpt":{"rendered":"<p>Over ons Wij zijn Carlo en Marja Pinna. Samen hebben wij 5 kinderen, waarvan 4 in Nederland en 1 in Amerika.\u00a0 Carlo bracht al vanaf zijn jeugd vakanties door op dit prachtige eiland. Zijn vader kwam hier vandaan, dus Sardini\u00eb is altijd zijn 2e thuis geweest. In 2016 hebben wij Villa Tana Margianis gekocht en &hellip; <\/p>\n<p class=\"link-more\"><a href=\"https:\/\/villatanamargianis.com\/de\/over-ons\/\" class=\"more-link\"><span class=\"screen-reader-text\">\u201eOver ons\u201c <\/span>weiterlesen<\/a><\/p>","protected":false},"author":1,"featured_media":0,"parent":0,"menu_order":0,"comment_status":"closed","ping_status":"closed","template":"elementor_theme","meta":{"footnotes":""},"class_list":["post-657","page","type-page","status-publish","hentry"],"yoast_head":"<!-- This site is optimized with the Yoast SEO plugin v27.5 - https:\/\/yoast.com\/product\/yoast-seo-wordpress\/ -->\n<title>Over ons - Villa Tana Margianis<\/title>\n<meta name=\"robots\" content=\"index, follow, max-snippet:-1, max-image-preview:large, max-video-preview:-1\" \/>\n<link rel=\"canonical\" href=\"https:\/\/villatanamargianis.com\/de\/over-ons\/\" \/>\n<meta property=\"og:locale\" content=\"de_DE\" \/>\n<meta property=\"og:type\" content=\"article\" \/>\n<meta property=\"og:title\" content=\"Over ons - Villa Tana Margianis\" \/>\n<meta property=\"og:description\" content=\"Over ons Wij zijn Carlo en Marja Pinna. Samen hebben wij 5 kinderen, waarvan 4 in Nederland en 1 in Amerika.\u00a0 Carlo bracht al vanaf zijn jeugd vakanties door op dit prachtige eiland. Zijn vader kwam hier vandaan, dus Sardini\u00eb is altijd zijn 2e thuis geweest. In 2016 hebben wij Villa Tana Margianis gekocht en &hellip; \u201eOver ons\u201c weiterlesen\" \/>\n<meta property=\"og:url\" content=\"https:\/\/villatanamargianis.com\/de\/over-ons\/\" \/>\n<meta property=\"og:site_name\" content=\"Villa Tana Margianis\" \/>\n<meta property=\"article:publisher\" content=\"https:\/\/www.facebook.com\/TanaMargianis\" \/>\n<meta property=\"article:modified_time\" content=\"2021-06-19T09:09:09+00:00\" \/>\n<meta property=\"og:image\" content=\"http:\/\/villatanamargianis.com\/wp-content\/uploads\/2021\/04\/photo_2021-04-21_21-35-35-e1619033813148.jpg\" \/>\n<meta name=\"twitter:card\" content=\"summary_large_image\" \/>\n<meta name=\"twitter:label1\" content=\"Gesch\u00e4tzte Lesezeit\" \/>\n\t<meta name=\"twitter:data1\" content=\"1\u00a0Minute\" \/>\n<script type=\"application\/ld+json\" class=\"yoast-schema-graph\">{\"@context\":\"https:\\\/\\\/schema.org\",\"@graph\":[{\"@type\":\"WebPage\",\"@id\":\"https:\\\/\\\/villatanamargianis.com\\\/de\\\/over-ons\\\/\",\"url\":\"https:\\\/\\\/villatanamargianis.com\\\/de\\\/over-ons\\\/\",\"name\":\"Over ons - Villa Tana Margianis\",\"isPartOf\":{\"@id\":\"https:\\\/\\\/villatanamargianis.com\\\/de\\\/#website\"},\"primaryImageOfPage\":{\"@id\":\"https:\\\/\\\/villatanamargianis.com\\\/de\\\/over-ons\\\/#primaryimage\"},\"image\":{\"@id\":\"https:\\\/\\\/villatanamargianis.com\\\/de\\\/over-ons\\\/#primaryimage\"},\"thumbnailUrl\":\"http:\\\/\\\/villatanamargianis.com\\\/wp-content\\\/uploads\\\/2021\\\/04\\\/photo_2021-04-21_21-35-35-e1619033813148.jpg\",\"datePublished\":\"2021-04-22T10:29:03+00:00\",\"dateModified\":\"2021-06-19T09:09:09+00:00\",\"breadcrumb\":{\"@id\":\"https:\\\/\\\/villatanamargianis.com\\\/de\\\/over-ons\\\/#breadcrumb\"},\"inLanguage\":\"de\",\"potentialAction\":[{\"@type\":\"ReadAction\",\"target\":[\"https:\\\/\\\/villatanamargianis.com\\\/de\\\/over-ons\\\/\"]}]},{\"@type\":\"ImageObject\",\"inLanguage\":\"de\",\"@id\":\"https:\\\/\\\/villatanamargianis.com\\\/de\\\/over-ons\\\/#primaryimage\",\"url\":\"http:\\\/\\\/villatanamargianis.com\\\/wp-content\\\/uploads\\\/2021\\\/04\\\/photo_2021-04-21_21-35-35-e1619033813148.jpg\",\"contentUrl\":\"http:\\\/\\\/villatanamargianis.com\\\/wp-content\\\/uploads\\\/2021\\\/04\\\/photo_2021-04-21_21-35-35-e1619033813148.jpg\"},{\"@type\":\"BreadcrumbList\",\"@id\":\"https:\\\/\\\/villatanamargianis.com\\\/de\\\/over-ons\\\/#breadcrumb\",\"itemListElement\":[{\"@type\":\"ListItem\",\"position\":1,\"name\":\"Home\",\"item\":\"https:\\\/\\\/villatanamargianis.com\\\/de\\\/\"},{\"@type\":\"ListItem\",\"position\":2,\"name\":\"Over ons\"}]},{\"@type\":\"WebSite\",\"@id\":\"https:\\\/\\\/villatanamargianis.com\\\/de\\\/#website\",\"url\":\"https:\\\/\\\/villatanamargianis.com\\\/de\\\/\",\"name\":\"Villa Tana Margianis\",\"description\":\"Vakantie op Zuid-Sardini\u00eb\",\"publisher\":{\"@id\":\"https:\\\/\\\/villatanamargianis.com\\\/de\\\/#organization\"},\"potentialAction\":[{\"@type\":\"SearchAction\",\"target\":{\"@type\":\"EntryPoint\",\"urlTemplate\":\"https:\\\/\\\/villatanamargianis.com\\\/de\\\/?s={search_term_string}\"},\"query-input\":{\"@type\":\"PropertyValueSpecification\",\"valueRequired\":true,\"valueName\":\"search_term_string\"}}],\"inLanguage\":\"de\"},{\"@type\":\"Organization\",\"@id\":\"https:\\\/\\\/villatanamargianis.com\\\/de\\\/#organization\",\"name\":\"Villa Tana Margianis\",\"url\":\"https:\\\/\\\/villatanamargianis.com\\\/de\\\/\",\"logo\":{\"@type\":\"ImageObject\",\"inLanguage\":\"de\",\"@id\":\"https:\\\/\\\/villatanamargianis.com\\\/de\\\/#\\\/schema\\\/logo\\\/image\\\/\",\"url\":\"https:\\\/\\\/villatanamargianis.com\\\/wp-content\\\/uploads\\\/2021\\\/04\\\/cropped-logo-villa-tana-margianis-1.png\",\"contentUrl\":\"https:\\\/\\\/villatanamargianis.com\\\/wp-content\\\/uploads\\\/2021\\\/04\\\/cropped-logo-villa-tana-margianis-1.png\",\"width\":481,\"height\":250,\"caption\":\"Villa Tana Margianis\"},\"image\":{\"@id\":\"https:\\\/\\\/villatanamargianis.com\\\/de\\\/#\\\/schema\\\/logo\\\/image\\\/\"},\"sameAs\":[\"https:\\\/\\\/www.facebook.com\\\/TanaMargianis\",\"https:\\\/\\\/www.instagram.com\\\/villatanamargianis\\\/\"]}]}<\/script>\n<!-- \/ Yoast SEO plugin. -->","yoast_head_json":{"title":"Over ons - Villa Tana Margianis","robots":{"index":"index","follow":"follow","max-snippet":"max-snippet:-1","max-image-preview":"max-image-preview:large","max-video-preview":"max-video-preview:-1"},"canonical":"https:\/\/villatanamargianis.com\/de\/over-ons\/","og_locale":"de_DE","og_type":"article","og_title":"Over ons - Villa Tana Margianis","og_description":"Over ons Wij zijn Carlo en Marja Pinna. Samen hebben wij 5 kinderen, waarvan 4 in Nederland en 1 in Amerika.\u00a0 Carlo bracht al vanaf zijn jeugd vakanties door op dit prachtige eiland. Zijn vader kwam hier vandaan, dus Sardini\u00eb is altijd zijn 2e thuis geweest. In 2016 hebben wij Villa Tana Margianis gekocht en &hellip; \u201eOver ons\u201c weiterlesen","og_url":"https:\/\/villatanamargianis.com\/de\/over-ons\/","og_site_name":"Villa Tana Margianis","article_publisher":"https:\/\/www.facebook.com\/TanaMargianis","article_modified_time":"2021-06-19T09:09:09+00:00","og_image":[{"url":"http:\/\/villatanamargianis.com\/wp-content\/uploads\/2021\/04\/photo_2021-04-21_21-35-35-e1619033813148.jpg","type":"","width":"","height":""}],"twitter_card":"summary_large_image","twitter_misc":{"Gesch\u00e4tzte Lesezeit":"1\u00a0Minute"},"schema":{"@context":"https:\/\/schema.org","@graph":[{"@type":"WebPage","@id":"https:\/\/villatanamargianis.com\/de\/over-ons\/","url":"https:\/\/villatanamargianis.com\/de\/over-ons\/","name":"Over ons - Villa Tana Margianis","isPartOf":{"@id":"https:\/\/villatanamargianis.com\/de\/#website"},"primaryImageOfPage":{"@id":"https:\/\/villatanamargianis.com\/de\/over-ons\/#primaryimage"},"image":{"@id":"https:\/\/villatanamargianis.com\/de\/over-ons\/#primaryimage"},"thumbnailUrl":"http:\/\/villatanamargianis.com\/wp-content\/uploads\/2021\/04\/photo_2021-04-21_21-35-35-e1619033813148.jpg","datePublished":"2021-04-22T10:29:03+00:00","dateModified":"2021-06-19T09:09:09+00:00","breadcrumb":{"@id":"https:\/\/villatanamargianis.com\/de\/over-ons\/#breadcrumb"},"inLanguage":"de","potentialAction":[{"@type":"ReadAction","target":["https:\/\/villatanamargianis.com\/de\/over-ons\/"]}]},{"@type":"ImageObject","inLanguage":"de","@id":"https:\/\/villatanamargianis.com\/de\/over-ons\/#primaryimage","url":"http:\/\/villatanamargianis.com\/wp-content\/uploads\/2021\/04\/photo_2021-04-21_21-35-35-e1619033813148.jpg","contentUrl":"http:\/\/villatanamargianis.com\/wp-content\/uploads\/2021\/04\/photo_2021-04-21_21-35-35-e1619033813148.jpg"},{"@type":"BreadcrumbList","@id":"https:\/\/villatanamargianis.com\/de\/over-ons\/#breadcrumb","itemListElement":[{"@type":"ListItem","position":1,"name":"Home","item":"https:\/\/villatanamargianis.com\/de\/"},{"@type":"ListItem","position":2,"name":"Over ons"}]},{"@type":"WebSite","@id":"https:\/\/villatanamargianis.com\/de\/#website","url":"https:\/\/villatanamargianis.com\/de\/","name":"Villa Tana Margianis","description":"Urlaub in S\u00fcdsardinien","publisher":{"@id":"https:\/\/villatanamargianis.com\/de\/#organization"},"potentialAction":[{"@type":"SearchAction","target":{"@type":"EntryPoint","urlTemplate":"https:\/\/villatanamargianis.com\/de\/?s={search_term_string}"},"query-input":{"@type":"PropertyValueSpecification","valueRequired":true,"valueName":"search_term_string"}}],"inLanguage":"de"},{"@type":"Organization","@id":"https:\/\/villatanamargianis.com\/de\/#organization","name":"Villa Tana Margianis","url":"https:\/\/villatanamargianis.com\/de\/","logo":{"@type":"ImageObject","inLanguage":"de","@id":"https:\/\/villatanamargianis.com\/de\/#\/schema\/logo\/image\/","url":"https:\/\/villatanamargianis.com\/wp-content\/uploads\/2021\/04\/cropped-logo-villa-tana-margianis-1.png","contentUrl":"https:\/\/villatanamargianis.com\/wp-content\/uploads\/2021\/04\/cropped-logo-villa-tana-margianis-1.png","width":481,"height":250,"caption":"Villa Tana Margianis"},"image":{"@id":"https:\/\/villatanamargianis.com\/de\/#\/schema\/logo\/image\/"},"sameAs":["https:\/\/www.facebook.com\/TanaMargianis","https:\/\/www.instagram.com\/villatanamargianis\/"]}]}},"_links":{"self":[{"href":"https:\/\/villatanamargianis.com\/de\/wp-json\/wp\/v2\/pages\/657","targetHints":{"allow":["GET"]}}],"collection":[{"href":"https:\/\/villatanamargianis.com\/de\/wp-json\/wp\/v2\/pages"}],"about":[{"href":"https:\/\/villatanamargianis.com\/de\/wp-json\/wp\/v2\/types\/page"}],"author":[{"embeddable":true,"href":"https:\/\/villatanamargianis.com\/de\/wp-json\/wp\/v2\/users\/1"}],"replies":[{"embeddable":true,"href":"https:\/\/villatanamargianis.com\/de\/wp-json\/wp\/v2\/comments?post=657"}],"version-history":[{"count":49,"href":"https:\/\/villatanamargianis.com\/de\/wp-json\/wp\/v2\/pages\/657\/revisions"}],"predecessor-version":[{"id":1156,"href":"https:\/\/villatanamargianis.com\/de\/wp-json\/wp\/v2\/pages\/657\/revisions\/1156"}],"wp:attachment":[{"href":"https:\/\/villatanamargianis.com\/de\/wp-json\/wp\/v2\/media?parent=657"}],"curies":[{"name":"wp","href":"https:\/\/api.w.org\/{rel}","templated":true}]}}