{"id":356,"date":"2021-04-21T13:34:26","date_gmt":"2021-04-21T13:34:26","guid":{"rendered":"http:\/\/villatanamargianis.com\/?page_id=356"},"modified":"2021-06-19T11:08:15","modified_gmt":"2021-06-19T09:08:15","slug":"over-ons-home","status":"publish","type":"page","link":"https:\/\/villatanamargianis.com\/de\/over-ons-home\/","title":{"rendered":"\u00dcber uns"},"content":{"rendered":"<div data-elementor-type=\"wp-page\" data-elementor-id=\"356\" class=\"elementor elementor-356\" data-elementor-post-type=\"page\">\n\t\t\t\t\t\t<section class=\"elementor-section elementor-top-section elementor-element elementor-element-e20ae6e elementor-section-boxed elementor-section-height-default elementor-section-height-default\" data-id=\"e20ae6e\" data-element_type=\"section\" data-e-type=\"section\">\n\t\t\t\t\t\t<div class=\"elementor-container elementor-column-gap-default\">\n\t\t\t\t\t<div class=\"elementor-column elementor-col-100 elementor-top-column elementor-element elementor-element-43eadc5\" data-id=\"43eadc5\" data-element_type=\"column\" data-e-type=\"column\">\n\t\t\t<div class=\"elementor-widget-wrap elementor-element-populated\">\n\t\t\t\t\t\t<div class=\"elementor-element elementor-element-5ba4a3f elementor-widget elementor-widget-heading\" data-id=\"5ba4a3f\" data-element_type=\"widget\" data-e-type=\"widget\" data-widget_type=\"heading.default\">\n\t\t\t\t<div class=\"elementor-widget-container\">\n\t\t\t\t\t<h2 class=\"elementor-heading-title elementor-size-default\">\u00dcber uns<\/h2>\t\t\t\t<\/div>\n\t\t\t\t<\/div>\n\t\t\t\t\t<\/div>\n\t\t<\/div>\n\t\t\t\t\t<\/div>\n\t\t<\/section>\n\t\t\t\t<section class=\"elementor-section elementor-top-section elementor-element elementor-element-dcb47e7 elementor-section-boxed elementor-section-height-default elementor-section-height-default\" data-id=\"dcb47e7\" data-element_type=\"section\" data-e-type=\"section\">\n\t\t\t\t\t\t<div class=\"elementor-container elementor-column-gap-default\">\n\t\t\t\t\t<div class=\"elementor-column elementor-col-50 elementor-top-column elementor-element elementor-element-37c3250\" data-id=\"37c3250\" data-element_type=\"column\" data-e-type=\"column\">\n\t\t\t<div class=\"elementor-widget-wrap elementor-element-populated\">\n\t\t\t\t\t\t<div class=\"elementor-element elementor-element-b8369b6 elementor-widget elementor-widget-image\" data-id=\"b8369b6\" data-element_type=\"widget\" data-e-type=\"widget\" data-widget_type=\"image.default\">\n\t\t\t\t<div class=\"elementor-widget-container\">\n\t\t\t\t\t\t\t\t\t\t\t\t\t\t\t<img fetchpriority=\"high\" decoding=\"async\" width=\"644\" height=\"569\" src=\"https:\/\/villatanamargianis.com\/wp-content\/uploads\/2021\/04\/photo_2021-04-21_21-35-35-e1619033813148.jpg\" class=\"attachment-medium_large size-medium_large wp-image-505\" alt=\"\" srcset=\"https:\/\/villatanamargianis.com\/wp-content\/uploads\/2021\/04\/photo_2021-04-21_21-35-35-e1619033813148.jpg 768w, https:\/\/villatanamargianis.com\/wp-content\/uploads\/2021\/04\/photo_2021-04-21_21-35-35-e1619033813148-300x265.jpg 300w\" sizes=\"100vw\" \/>\t\t\t\t\t\t\t\t\t\t\t\t\t\t\t<\/div>\n\t\t\t\t<\/div>\n\t\t\t\t\t<\/div>\n\t\t<\/div>\n\t\t\t\t<div class=\"elementor-column elementor-col-50 elementor-top-column elementor-element elementor-element-3e776ba\" data-id=\"3e776ba\" data-element_type=\"column\" data-e-type=\"column\">\n\t\t\t<div class=\"elementor-widget-wrap elementor-element-populated\">\n\t\t\t\t\t\t<div class=\"elementor-element elementor-element-8524e91 elementor-widget elementor-widget-text-editor\" data-id=\"8524e91\" data-element_type=\"widget\" data-e-type=\"widget\" data-widget_type=\"text-editor.default\">\n\t\t\t\t<div class=\"elementor-widget-container\">\n\t\t\t\t\t\t\t\t\t<p>Wir sind Carlo und Marja Pinna. Zusammen haben wir 5 Kinder, davon 4 in den Niederlanden und 1 in Amerika.\u00a0<\/p><p>Carlo verbringt seit seiner Kindheit Ferien auf dieser wundersch\u00f6nen Insel.<span style=\"font-size: 1rem;\">Sein Vater stammte von hier, also war Sardinien immer seine zweite Heimat. 2016 haben wir die Villa Tana Margianis gekauft und zu einer sch\u00f6nen Ferienvilla renoviert. Seit Anfang 2019 wohnen wir zusammen im Haus etwas weiter weg. Dies erm\u00f6glicht es uns, Sie pers\u00f6nlich zu empfangen, keine Ankunftszeit ist ein Problem und wir sind immer bereit, alle Ihre Fragen zu beantworten. Wir k\u00f6nnen auch alle Probleme sofort f\u00fcr Sie l\u00f6sen<\/span><\/p>\t\t\t\t\t\t\t\t<\/div>\n\t\t\t\t<\/div>\n\t\t\t\t<div class=\"elementor-element elementor-element-7c0c914 elementor-align-left elementor-widget elementor-widget-button\" data-id=\"7c0c914\" data-element_type=\"widget\" data-e-type=\"widget\" data-widget_type=\"button.default\">\n\t\t\t\t<div class=\"elementor-widget-container\">\n\t\t\t\t\t\t\t\t\t<div class=\"elementor-button-wrapper\">\n\t\t\t\t\t<a class=\"elementor-button elementor-button-link elementor-size-sm\" href=\"https:\/\/villatanamargianis.com\/de\/over-ons\/\">\n\t\t\t\t\t\t<span class=\"elementor-button-content-wrapper\">\n\t\t\t\t\t\t\t\t\t<span class=\"elementor-button-text\">Mehr \u00fcber uns<\/span>\n\t\t\t\t\t<\/span>\n\t\t\t\t\t<\/a>\n\t\t\t\t<\/div>\n\t\t\t\t\t\t\t\t<\/div>\n\t\t\t\t<\/div>\n\t\t\t\t\t<\/div>\n\t\t<\/div>\n\t\t\t\t\t<\/div>\n\t\t<\/section>\n\t\t\t\t<\/div>","protected":false},"excerpt":{"rendered":"<p>Over ons Wij zijn Carlo en Marja Pinna. Samen hebben wij 5 kinderen, waarvan 4 in Nederland en 1 in Amerika.\u00a0 Carlo bracht al vanaf zijn jeugd vakanties door op dit prachtige eiland. Zijn vader kwam hier vandaan, dus Sardini\u00eb is altijd zijn 2e thuis geweest. In 2016 hebben wij Villa Tana Margianis gekocht en &hellip; <\/p>\n<p class=\"link-more\"><a href=\"https:\/\/villatanamargianis.com\/de\/over-ons-home\/\" class=\"more-link\"><span class=\"screen-reader-text\">\u201eOver ons home\u201c <\/span>weiterlesen<\/a><\/p>","protected":false},"author":1,"featured_media":198,"parent":0,"menu_order":0,"comment_status":"closed","ping_status":"closed","template":"elementor_theme","meta":{"footnotes":""},"class_list":["post-356","page","type-page","status-publish","has-post-thumbnail","hentry"],"yoast_head":"<!-- This site is optimized with the Yoast SEO plugin v27.5 - https:\/\/yoast.com\/product\/yoast-seo-wordpress\/ -->\n<title>Over ons home - Villa Tana Margianis<\/title>\n<meta name=\"robots\" content=\"index, follow, max-snippet:-1, max-image-preview:large, max-video-preview:-1\" \/>\n<link rel=\"canonical\" href=\"https:\/\/villatanamargianis.com\/de\/over-ons-home\/\" \/>\n<meta property=\"og:locale\" content=\"de_DE\" \/>\n<meta property=\"og:type\" content=\"article\" \/>\n<meta property=\"og:title\" content=\"Over ons home - Villa Tana Margianis\" \/>\n<meta property=\"og:description\" content=\"Over ons Wij zijn Carlo en Marja Pinna. Samen hebben wij 5 kinderen, waarvan 4 in Nederland en 1 in Amerika.\u00a0 Carlo bracht al vanaf zijn jeugd vakanties door op dit prachtige eiland. Zijn vader kwam hier vandaan, dus Sardini\u00eb is altijd zijn 2e thuis geweest. In 2016 hebben wij Villa Tana Margianis gekocht en &hellip; \u201eOver ons home\u201c weiterlesen\" \/>\n<meta property=\"og:url\" content=\"https:\/\/villatanamargianis.com\/de\/over-ons-home\/\" \/>\n<meta property=\"og:site_name\" content=\"Villa Tana Margianis\" \/>\n<meta property=\"article:publisher\" content=\"https:\/\/www.facebook.com\/TanaMargianis\" \/>\n<meta property=\"article:modified_time\" content=\"2021-06-19T09:08:15+00:00\" \/>\n<meta property=\"og:image\" content=\"https:\/\/villatanamargianis.com\/wp-content\/uploads\/2021\/04\/20200713_143436-scaled.jpg\" \/>\n\t<meta property=\"og:image:width\" content=\"2560\" \/>\n\t<meta property=\"og:image:height\" content=\"1244\" \/>\n\t<meta property=\"og:image:type\" content=\"image\/jpeg\" \/>\n<meta name=\"twitter:card\" content=\"summary_large_image\" \/>\n<meta name=\"twitter:label1\" content=\"Gesch\u00e4tzte Lesezeit\" \/>\n\t<meta name=\"twitter:data1\" content=\"1\u00a0Minute\" \/>\n<script type=\"application\/ld+json\" class=\"yoast-schema-graph\">{\"@context\":\"https:\\\/\\\/schema.org\",\"@graph\":[{\"@type\":\"WebPage\",\"@id\":\"https:\\\/\\\/villatanamargianis.com\\\/over-ons-home\\\/\",\"url\":\"https:\\\/\\\/villatanamargianis.com\\\/over-ons-home\\\/\",\"name\":\"Over ons home - Villa Tana Margianis\",\"isPartOf\":{\"@id\":\"https:\\\/\\\/villatanamargianis.com\\\/de\\\/#website\"},\"primaryImageOfPage\":{\"@id\":\"https:\\\/\\\/villatanamargianis.com\\\/over-ons-home\\\/#primaryimage\"},\"image\":{\"@id\":\"https:\\\/\\\/villatanamargianis.com\\\/over-ons-home\\\/#primaryimage\"},\"thumbnailUrl\":\"https:\\\/\\\/villatanamargianis.com\\\/wp-content\\\/uploads\\\/2021\\\/04\\\/20200713_143436-scaled.jpg\",\"datePublished\":\"2021-04-21T13:34:26+00:00\",\"dateModified\":\"2021-06-19T09:08:15+00:00\",\"breadcrumb\":{\"@id\":\"https:\\\/\\\/villatanamargianis.com\\\/over-ons-home\\\/#breadcrumb\"},\"inLanguage\":\"de\",\"potentialAction\":[{\"@type\":\"ReadAction\",\"target\":[\"https:\\\/\\\/villatanamargianis.com\\\/over-ons-home\\\/\"]}]},{\"@type\":\"ImageObject\",\"inLanguage\":\"de\",\"@id\":\"https:\\\/\\\/villatanamargianis.com\\\/over-ons-home\\\/#primaryimage\",\"url\":\"https:\\\/\\\/villatanamargianis.com\\\/wp-content\\\/uploads\\\/2021\\\/04\\\/20200713_143436-scaled.jpg\",\"contentUrl\":\"https:\\\/\\\/villatanamargianis.com\\\/wp-content\\\/uploads\\\/2021\\\/04\\\/20200713_143436-scaled.jpg\",\"width\":2560,\"height\":1244},{\"@type\":\"BreadcrumbList\",\"@id\":\"https:\\\/\\\/villatanamargianis.com\\\/over-ons-home\\\/#breadcrumb\",\"itemListElement\":[{\"@type\":\"ListItem\",\"position\":1,\"name\":\"Home\",\"item\":\"https:\\\/\\\/villatanamargianis.com\\\/de\\\/\"},{\"@type\":\"ListItem\",\"position\":2,\"name\":\"Over ons home\"}]},{\"@type\":\"WebSite\",\"@id\":\"https:\\\/\\\/villatanamargianis.com\\\/de\\\/#website\",\"url\":\"https:\\\/\\\/villatanamargianis.com\\\/de\\\/\",\"name\":\"Villa Tana Margianis\",\"description\":\"Vakantie op Zuid-Sardini\u00eb\",\"publisher\":{\"@id\":\"https:\\\/\\\/villatanamargianis.com\\\/de\\\/#organization\"},\"potentialAction\":[{\"@type\":\"SearchAction\",\"target\":{\"@type\":\"EntryPoint\",\"urlTemplate\":\"https:\\\/\\\/villatanamargianis.com\\\/de\\\/?s={search_term_string}\"},\"query-input\":{\"@type\":\"PropertyValueSpecification\",\"valueRequired\":true,\"valueName\":\"search_term_string\"}}],\"inLanguage\":\"de\"},{\"@type\":\"Organization\",\"@id\":\"https:\\\/\\\/villatanamargianis.com\\\/de\\\/#organization\",\"name\":\"Villa Tana Margianis\",\"url\":\"https:\\\/\\\/villatanamargianis.com\\\/de\\\/\",\"logo\":{\"@type\":\"ImageObject\",\"inLanguage\":\"de\",\"@id\":\"https:\\\/\\\/villatanamargianis.com\\\/de\\\/#\\\/schema\\\/logo\\\/image\\\/\",\"url\":\"https:\\\/\\\/villatanamargianis.com\\\/wp-content\\\/uploads\\\/2021\\\/04\\\/cropped-logo-villa-tana-margianis-1.png\",\"contentUrl\":\"https:\\\/\\\/villatanamargianis.com\\\/wp-content\\\/uploads\\\/2021\\\/04\\\/cropped-logo-villa-tana-margianis-1.png\",\"width\":481,\"height\":250,\"caption\":\"Villa Tana Margianis\"},\"image\":{\"@id\":\"https:\\\/\\\/villatanamargianis.com\\\/de\\\/#\\\/schema\\\/logo\\\/image\\\/\"},\"sameAs\":[\"https:\\\/\\\/www.facebook.com\\\/TanaMargianis\",\"https:\\\/\\\/www.instagram.com\\\/villatanamargianis\\\/\"]}]}<\/script>\n<!-- \/ Yoast SEO plugin. -->","yoast_head_json":{"title":"Over ons home - Villa Tana Margianis","robots":{"index":"index","follow":"follow","max-snippet":"max-snippet:-1","max-image-preview":"max-image-preview:large","max-video-preview":"max-video-preview:-1"},"canonical":"https:\/\/villatanamargianis.com\/de\/over-ons-home\/","og_locale":"de_DE","og_type":"article","og_title":"Over ons home - Villa Tana Margianis","og_description":"Over ons Wij zijn Carlo en Marja Pinna. Samen hebben wij 5 kinderen, waarvan 4 in Nederland en 1 in Amerika.\u00a0 Carlo bracht al vanaf zijn jeugd vakanties door op dit prachtige eiland. Zijn vader kwam hier vandaan, dus Sardini\u00eb is altijd zijn 2e thuis geweest. In 2016 hebben wij Villa Tana Margianis gekocht en &hellip; \u201eOver ons home\u201c weiterlesen","og_url":"https:\/\/villatanamargianis.com\/de\/over-ons-home\/","og_site_name":"Villa Tana Margianis","article_publisher":"https:\/\/www.facebook.com\/TanaMargianis","article_modified_time":"2021-06-19T09:08:15+00:00","og_image":[{"width":2560,"height":1244,"url":"https:\/\/villatanamargianis.com\/wp-content\/uploads\/2021\/04\/20200713_143436-scaled.jpg","type":"image\/jpeg"}],"twitter_card":"summary_large_image","twitter_misc":{"Gesch\u00e4tzte Lesezeit":"1\u00a0Minute"},"schema":{"@context":"https:\/\/schema.org","@graph":[{"@type":"WebPage","@id":"https:\/\/villatanamargianis.com\/over-ons-home\/","url":"https:\/\/villatanamargianis.com\/over-ons-home\/","name":"Over ons home - Villa Tana Margianis","isPartOf":{"@id":"https:\/\/villatanamargianis.com\/de\/#website"},"primaryImageOfPage":{"@id":"https:\/\/villatanamargianis.com\/over-ons-home\/#primaryimage"},"image":{"@id":"https:\/\/villatanamargianis.com\/over-ons-home\/#primaryimage"},"thumbnailUrl":"https:\/\/villatanamargianis.com\/wp-content\/uploads\/2021\/04\/20200713_143436-scaled.jpg","datePublished":"2021-04-21T13:34:26+00:00","dateModified":"2021-06-19T09:08:15+00:00","breadcrumb":{"@id":"https:\/\/villatanamargianis.com\/over-ons-home\/#breadcrumb"},"inLanguage":"de","potentialAction":[{"@type":"ReadAction","target":["https:\/\/villatanamargianis.com\/over-ons-home\/"]}]},{"@type":"ImageObject","inLanguage":"de","@id":"https:\/\/villatanamargianis.com\/over-ons-home\/#primaryimage","url":"https:\/\/villatanamargianis.com\/wp-content\/uploads\/2021\/04\/20200713_143436-scaled.jpg","contentUrl":"https:\/\/villatanamargianis.com\/wp-content\/uploads\/2021\/04\/20200713_143436-scaled.jpg","width":2560,"height":1244},{"@type":"BreadcrumbList","@id":"https:\/\/villatanamargianis.com\/over-ons-home\/#breadcrumb","itemListElement":[{"@type":"ListItem","position":1,"name":"Home","item":"https:\/\/villatanamargianis.com\/de\/"},{"@type":"ListItem","position":2,"name":"Over ons home"}]},{"@type":"WebSite","@id":"https:\/\/villatanamargianis.com\/de\/#website","url":"https:\/\/villatanamargianis.com\/de\/","name":"Villa Tana Margianis","description":"Urlaub in S\u00fcdsardinien","publisher":{"@id":"https:\/\/villatanamargianis.com\/de\/#organization"},"potentialAction":[{"@type":"SearchAction","target":{"@type":"EntryPoint","urlTemplate":"https:\/\/villatanamargianis.com\/de\/?s={search_term_string}"},"query-input":{"@type":"PropertyValueSpecification","valueRequired":true,"valueName":"search_term_string"}}],"inLanguage":"de"},{"@type":"Organization","@id":"https:\/\/villatanamargianis.com\/de\/#organization","name":"Villa Tana Margianis","url":"https:\/\/villatanamargianis.com\/de\/","logo":{"@type":"ImageObject","inLanguage":"de","@id":"https:\/\/villatanamargianis.com\/de\/#\/schema\/logo\/image\/","url":"https:\/\/villatanamargianis.com\/wp-content\/uploads\/2021\/04\/cropped-logo-villa-tana-margianis-1.png","contentUrl":"https:\/\/villatanamargianis.com\/wp-content\/uploads\/2021\/04\/cropped-logo-villa-tana-margianis-1.png","width":481,"height":250,"caption":"Villa Tana Margianis"},"image":{"@id":"https:\/\/villatanamargianis.com\/de\/#\/schema\/logo\/image\/"},"sameAs":["https:\/\/www.facebook.com\/TanaMargianis","https:\/\/www.instagram.com\/villatanamargianis\/"]}]}},"_links":{"self":[{"href":"https:\/\/villatanamargianis.com\/de\/wp-json\/wp\/v2\/pages\/356","targetHints":{"allow":["GET"]}}],"collection":[{"href":"https:\/\/villatanamargianis.com\/de\/wp-json\/wp\/v2\/pages"}],"about":[{"href":"https:\/\/villatanamargianis.com\/de\/wp-json\/wp\/v2\/types\/page"}],"author":[{"embeddable":true,"href":"https:\/\/villatanamargianis.com\/de\/wp-json\/wp\/v2\/users\/1"}],"replies":[{"embeddable":true,"href":"https:\/\/villatanamargianis.com\/de\/wp-json\/wp\/v2\/comments?post=356"}],"version-history":[{"count":38,"href":"https:\/\/villatanamargianis.com\/de\/wp-json\/wp\/v2\/pages\/356\/revisions"}],"predecessor-version":[{"id":1153,"href":"https:\/\/villatanamargianis.com\/de\/wp-json\/wp\/v2\/pages\/356\/revisions\/1153"}],"wp:featuredmedia":[{"embeddable":true,"href":"https:\/\/villatanamargianis.com\/de\/wp-json\/wp\/v2\/media\/198"}],"wp:attachment":[{"href":"https:\/\/villatanamargianis.com\/de\/wp-json\/wp\/v2\/media?parent=356"}],"curies":[{"name":"wp","href":"https:\/\/api.w.org\/{rel}","templated":true}]}}